{"id":145,"date":"2019-03-10T11:33:27","date_gmt":"2019-03-10T10:33:27","guid":{"rendered":"https:\/\/firmalan.com\/dk\/?page_id=145"},"modified":"2020-11-28T21:02:46","modified_gmt":"2020-11-28T20:02:46","slug":"crowdfunding","status":"publish","type":"page","link":"https:\/\/firmalan.com\/dk\/crowdfunding\/","title":{"rendered":"Crowdfunding"},"content":{"rendered":"<p>Crowdfunding er ogs\u00e5 kendt som netv\u00e6rksfinansiering. Det er en glimrende m\u00e5de at indsamle penge til et projekt, hvis ellers id\u00e9en er god nok til at tiltr\u00e6kke folk.<\/p>\n<p>&nbsp;<\/p>\n<p>Samtidig er det ogs\u00e5 en god mulighed for investorer, da et succesfuldt projekt kan give et stort \u00f8konomisk afkast. Der er h\u00f8j risiko og varians, men potentialet er ligeledes meget h\u00f8jt, hvilket er attraktivt.<\/p>\n<p>&nbsp;<\/p>\n<p><strong>S\u00e5dan fungerer crowdfunding<\/strong><\/p>\n<p>&nbsp;<\/p>\n<p>Det er egentlig meget simpelt: Crowdfunding sker, n\u00e5r en iv\u00e6rks\u00e6tter pitcher en bestemt id\u00e9 og s\u00f8ger investorer til at st\u00e5 bag den.<\/p>\n<p>&nbsp;<\/p>\n<p>Mange projekter og id\u00e9er kr\u00e6ver nemlig en smule indledende kapital. Her er det ikke altid muligt at g\u00e5 til banken eller at selv-finansiere, s\u00e5 den bedste mulighed er typisk at finde interesserede investorer udefra.<\/p>\n<p>&nbsp;<\/p>\n<p>N\u00e5r investorerne er med ombord, er der hermed skaffet \u00f8konomisk hj\u00e6lp til projektet, hvilket \u00f8ger mulighederne for succes. Skulle projektet g\u00e5 hen at blive stort, s\u00e5 vil det v\u00e6re til gavn for b\u00e5de iv\u00e6rks\u00e6tteren, der st\u00e5r bag id\u00e9en, men ogs\u00e5 for investorerne, der vil f\u00e5 en r\u00e6kke fordele &#8211; is\u00e6r \u00f8konomiske fordele.<\/p>\n<p>&nbsp;<\/p>\n<p>Crowdfunding er peer-to-peer, eftersom der er to interesserede parter, der samarbejder. Investeringen fra investoren vil g\u00e5 direkte til projektet, s\u00e5 der er normalt ikke tale om st\u00f8rre organisationer eller banker, n\u00e5r vi taler om crowdfunding. Det er hele fordelen ved det. Nogle gange d\u00e6kker crowdfunding over en stor m\u00e6ngde mennesker, der st\u00f8tter et projekt med sm\u00e5 bel\u00f8b, der samlet bliver til en del. Andre gange er det et mindre antal investorer, der til geng\u00e6ld l\u00e6gger mange penge i det.<\/p>\n<p>&nbsp;<\/p>\n<p><strong>Fordele ved crowdfunding<\/strong><\/p>\n<p>&nbsp;<\/p>\n<p>Crowdfunding er en forholdsvis simpel m\u00e5de at indsamle penge til et projekt. Hvis du har en god id\u00e9, som er blevet afvist af banken og af typiske kilder til l\u00e5n, s\u00e5 giver det god mening at udnytte crowdfunding.<\/p>\n<p>&nbsp;<\/p>\n<p>Det er is\u00e6r popul\u00e6rt p\u00e5 internettet, hvor der er meget f\u00e5 begr\u00e6nsninger. En af fordelene er nemlig, at der kan s\u00f8ges om crowdfunding til alle typer af projekter, uanset om det g\u00e6lder et spil, en film, et bestemt produkt, eller noget helt fjerde.<\/p>\n<p>&nbsp;<\/p>\n<p>For iv\u00e6rks\u00e6tteren er det alts\u00e5 en glimrende mulighed. Men ogs\u00e5 for investorerne er der et hav af fordele.<\/p>\n<p>&nbsp;<\/p>\n<p>Peer-to-peer investering giver nemlig en chance for en k\u00e6mpe \u00f8konomisk gevinst. Typisk fasts\u00e6ttes det p\u00e5 forh\u00e5nd, hvad man f\u00e5r ud af sin investering, og det kan for eksempel v\u00e6re en procentdel af overskuddet.<\/p>\n<p>&nbsp;<\/p>\n<p>Det kan dog ogs\u00e5 v\u00e6re mindre ting. Flere investorer er ogs\u00e5 glade for at bidrage, simpelthen fordi det fremmer markedet for iv\u00e6rks\u00e6tteri, og fordi man m\u00e5ske har personlig interesse i et produkt.<\/p>\n<p>&nbsp;<\/p>\n<p><strong>Hvor meget kan man tjene ved peer-to-peer investering?<\/strong><\/p>\n<p>&nbsp;<\/p>\n<p>Ved at investere i et bestemt crowdfunding projekt er der gode muligheder for at tjene penge.<\/p>\n<p>&nbsp;<\/p>\n<p>Det er sv\u00e6rt at sige, hvad du pr\u00e6cis kan tjene, da det afh\u00e6nger af forholdene i forbindelse med investeringen. Desuden afh\u00e6nger det ogs\u00e5 af projektets succes, og hvorvidt det ender med at blive popul\u00e6rt eller ej.<\/p>\n<p>&nbsp;<\/p>\n<p>Det kan alts\u00e5 b\u00e5de g\u00e5 op og ned. Vi har dog set flere eksempler p\u00e5 crowdfunding, hvor projekterne har haft enorm succes, b\u00e5de for indehaveren og for investorerne. I nogle tilf\u00e6lde er der tjent millioner &#8211; andre gange mindre bel\u00f8b. Flere projekter ender selvf\u00f8lgelig ogs\u00e5 uden succes, hvilket er hvad der kan ske.<\/p>\n<p>&nbsp;<\/p>\n<p>Overordnet er det alts\u00e5 vigtigt at investere i de rette projekter. Man b\u00f8r s\u00e6tte sig ind i tingene og investere i de id\u00e9er, som der er reelle muligheder i. Dem er der dog mange af p\u00e5 crowdfundingmarkedet, s\u00e5 det er bestemt noget, der er v\u00e6rd at se n\u00e6rmere p\u00e5.<\/p>\n\n\n<div style='display:none'>Adservice Comparison Feed: Could not find feed with ID \"dk0001\"<\/div>\n<script>console.log('Adservice Comparison Feed: Could not find feed with ID \"dk0001\"');<\/script>\n","protected":false},"excerpt":{"rendered":"<p>Crowdfunding er ogs\u00e5 kendt som netv\u00e6rksfinansiering. Det er en glimrende m\u00e5de at indsamle penge til et projekt, hvis ellers id\u00e9en er god nok til at tiltr\u00e6kke folk. &nbsp; Samtidig er &#8230;<\/p>\n","protected":false},"author":1,"featured_media":0,"parent":0,"menu_order":0,"comment_status":"closed","ping_status":"closed","template":"","meta":{"footnotes":""},"class_list":["post-145","page","type-page","status-publish","hentry"],"_links":{"self":[{"href":"https:\/\/firmalan.com\/dk\/wp-json\/wp\/v2\/pages\/145","targetHints":{"allow":["GET"]}}],"collection":[{"href":"https:\/\/firmalan.com\/dk\/wp-json\/wp\/v2\/pages"}],"about":[{"href":"https:\/\/firmalan.com\/dk\/wp-json\/wp\/v2\/types\/page"}],"author":[{"embeddable":true,"href":"https:\/\/firmalan.com\/dk\/wp-json\/wp\/v2\/users\/1"}],"replies":[{"embeddable":true,"href":"https:\/\/firmalan.com\/dk\/wp-json\/wp\/v2\/comments?post=145"}],"version-history":[{"count":2,"href":"https:\/\/firmalan.com\/dk\/wp-json\/wp\/v2\/pages\/145\/revisions"}],"predecessor-version":[{"id":241,"href":"https:\/\/firmalan.com\/dk\/wp-json\/wp\/v2\/pages\/145\/revisions\/241"}],"wp:attachment":[{"href":"https:\/\/firmalan.com\/dk\/wp-json\/wp\/v2\/media?parent=145"}],"curies":[{"name":"wp","href":"https:\/\/api.w.org\/{rel}","templated":true}]}}