{"id":138,"date":"2018-12-18T23:06:06","date_gmt":"2018-12-18T22:06:06","guid":{"rendered":"https:\/\/firmalan.com\/dk\/?page_id=138"},"modified":"2018-12-18T23:07:35","modified_gmt":"2018-12-18T22:07:35","slug":"bedste-erhvervsbank","status":"publish","type":"page","link":"https:\/\/firmalan.com\/dk\/bedste-erhvervsbank\/","title":{"rendered":"Bedste erhvervsbank"},"content":{"rendered":"<p>Iv\u00e6rks\u00e6ttere har specielle behov, og derfor er der ogs\u00e5 visse banker der s\u00e6rligt servicerer iv\u00e6rks\u00e6ttere. Hvis du s\u00f8ger bankl\u00e5n til virksomhed er der flere gode muligheder. Her ser vi n\u00e6rmere p\u00e5 nogle af de bedste, og vi fort\u00e6ller dig samtidig mere om det at l\u00e5ne som iv\u00e6rks\u00e6tter.<\/p>\n<h5>Bedste erhvervsbank i Danmark 2018<\/h5>\n<p>I over 25 \u00e5r har EPSI Rating Group unders\u00f8gt og holdt \u00f8je med bank- og finansbranchen, ved at sp\u00f8rge, hvad kunderne f\u00f8ler og t\u00e6nker. EPSI Rating kundetilfredshed er m\u00e5lt p\u00e5 en skala fra 0 til 100. Jo h\u00f8jere indeksv\u00e6rdi, des bedre oplever kunderne deres leverand\u00f8rer. Gennemsnittet for virksomhederne findes normalt i omr\u00e5det fra indeks 60 til 75. Virksomheder, som har et indeks p\u00e5 over 75, har en st\u00e6rk position blandt deres kunder, mens virksomheder, som har et indeks under 60, har en risiko for at miste sit kundeunderlag.<\/p>\n<p>Den h\u00f8jest rangerede erhvervsbank blev fundet i kategorien \u00d8vrige Banker, denne gruppe best\u00e5r af<br \/>\nflere forskellige banker, for eksempel Arbejdernes Landsbank, Spar Nord, L\u00e5n &amp; Spar, Middelfart Sparekasse, Vestjysk Bank, Sparekassen Sj\u00e6lland, BankNordic, Alm.Brand, Coop Bank.<\/p>\n<p>H\u00f8jeste m\u00e5lbare individuelle EPSI-rating fik Sparekassen Kronjylland &#8211; blev udvalgt til bedste erhvervsbank 2018 af de danske kunder med en rating p\u00e5 72,9, hvilket er en forbedring p\u00e5 3,4% siden 2017.<\/p>\n<blockquote><p>Sparekassen Kronjylland &#8211; bedste erhvervsbank 2018<\/p><\/blockquote>\n<table>\n<tbody>\n<tr bgcolor=\"&quot;#1aed2f\">\n<td><span style=\"color: #ffffff;\">\u00d8vrige banker<\/span><\/td>\n<td><span style=\"color: #ffffff;\">73,5 (-0,3%)<\/span><\/td>\n<\/tr>\n<tr bgcolor=\"&quot;#1aed2f\">\n<td><i class=\"fa fa-trophy\" style=\"color: #daa520;\" aria-hidden=\"true\"><\/i> <span style=\"color: #ffffff;\">Sparekassen Kronjylland<\/span><\/td>\n<td><span style=\"color: #ffffff;\">72,9 (3,4%)<\/span><\/td>\n<\/tr>\n<tr bgcolor=\"&quot;#1aed2f\">\n<td><span style=\"color: #ffffff;\">Sydbank<\/span><\/td>\n<td><span style=\"color: #ffffff;\">71,9 (3,9%)<\/span><\/td>\n<\/tr>\n<tr bgcolor=\"&quot;#1aed2f\">\n<td><span style=\"color: #ffffff;\">Handelsbanken<\/span><\/td>\n<td><span style=\"color: #ffffff;\">71,8 (-0,7%)<\/span><\/td>\n<\/tr>\n<tr bgcolor=\"&quot;#1aed2f\">\n<td><span style=\"color: #ffffff;\">Jyske Bank<\/span><\/td>\n<td><span style=\"color: #ffffff;\">70,8 (7,6%)<\/span><\/td>\n<\/tr>\n<tr>\n<td>Branchen<\/td>\n<td>69,8 (1,7%)<\/td>\n<\/tr>\n<tr bgcolor=\"#FF0000\">\n<td>Danske Bank<\/td>\n<td>68,8 (-4,6%)<\/td>\n<\/tr>\n<tr bgcolor=\"#FF0000\">\n<td>Nykredit Bank<\/td>\n<td>66,5 (5,7%)<\/td>\n<\/tr>\n<tr bgcolor=\"#FF0000\">\n<td>Nordea<\/td>\n<td>64,9 (10,9%)<\/td>\n<\/tr>\n<\/tbody>\n<\/table>\n<p>&nbsp;<\/p>\n<p><strong>De mest popul\u00e6re erhvervsbanker\u00a0blandt iv\u00e6rks\u00e6ttere<\/strong><\/p>\n<p>&nbsp;<\/p>\n<p>Nogle banker er mere popul\u00e6re end andre blandt iv\u00e6rks\u00e6ttere. Jyske Bank er et af de mest popul\u00e6re valg. Godt nok er prisen for en erhvervskonto h\u00f8j, men Jyske Bank har andre fordele. For eksempel vejledning til iv\u00e6rks\u00e6ttere &#8211; og faktisk ogs\u00e5 udm\u00e6rkede muligheder for l\u00e5n og finansiering.<\/p>\n<p>&nbsp;<\/p>\n<p>Et andet typisk valg blandt iv\u00e6rks\u00e6ttere er at oprette konto hos Nordea. Nordea har ry for at v\u00e6re en bank med mange muligheder og med god frihedsrum. Der er fine chancer for at tage et l\u00e5n til en respektabel pris. Et godt alternativ til Nordea er Danske Bank, der ogs\u00e5 har udm\u00e6rkede l\u00f8sninger til erhvervspersoner og iv\u00e6rks\u00e6ttere.<\/p>\n<p>&nbsp;<\/p>\n<p>Derudover er der et hav af mindre, lokale banker som gerne st\u00e5r klar til at hj\u00e6lpe. De lokale sparekasser ser gerne mere erhvervsm\u00e6ssig aktivitet i omr\u00e5det, og derfor er det et oplagt sted at henvende sig. De giver ofte l\u00e5n med lave renter, og de giver ogs\u00e5 mulighed for at oprette erhvervskonti til meget f\u00e5 omkostninger.<\/p>\n<p>&nbsp;<\/p>\n<p><strong>Tips til at tage l\u00e5n som iv\u00e6rks\u00e6tter<\/strong><\/p>\n<p>&nbsp;<\/p>\n<p>Hvis du har brug for et l\u00e5n i forbindelse med din forretning, s\u00e5 kan det ofte v\u00e6re sv\u00e6rt at f\u00e5 en aftale igennem. I hvert fald hvis der er tale om et st\u00f8rre l\u00e5n. Men der er et par ting, som du kan g\u00f8re for at forbedre chancerne.<\/p>\n<p>&nbsp;<\/p>\n<p>Forbered dig ordentligt med din ans\u00f8gning og v\u00e6r klar, n\u00e5r du taler med en r\u00e5dgiver i den p\u00e5g\u00e6ldende bank. Hav en klar forretningsplan klar, s\u00e5 banken kender til din strategi. F\u00e5 lavet et budget &#8211; gerne s\u00e5 realistisk som muligt. Og giv gerne banken s\u00e5 mange \u00e5rsager som muligt til at give dig et l\u00e5n. Jo mere seri\u00f8s og kompetent du virker, jo st\u00f8rre chance er der for succes. Det ved banken, og i s\u00e5 fald \u00f8ges sandsynligheden ogs\u00e5 for at du kan f\u00e5 et l\u00e5n.<\/p>\n<p>&nbsp;<\/p>\n<p><strong>Erhvervskonto for enkeltmandsvirksomheder<\/strong><\/p>\n<p>&nbsp;<\/p>\n<p>Mange danskere lader sig registrere som selvst\u00e6ndige, i form af enkeltmandsvirksomheder. Det er dog stadig p\u00e5kr\u00e6vet at have en erhvervskonto i en eller anden form. En NemKonto er nemlig obligatorisk for alle virksomheder uanset st\u00f8rrelse. Denne NemKonto tilh\u00f8rer virksomheden og ikke dig som person. Men derfor kan den godt v\u00e6re tilknyttet din private bankkonto, hvis ellers banken tillader det.<\/p>\n<p>&nbsp;<\/p>\n<p>Ellers kan du som alle andre virksomheder henvende dig til enhver bank om at f\u00e5 lavet en erhvervskonto. Hver bank har egne krav, og priserne p\u00e5 erhvervskonti varierer ogs\u00e5 en smule. Men det er sj\u00e6ldent sv\u00e6rt at registrere en bankkonto, og hvis du er hos den rette bank er det heller ikke alt for vanskeligt at f\u00e5 et bankl\u00e5n til din virksomhed. Held og lykke med det hele!<\/p>\n","protected":false},"excerpt":{"rendered":"<p>Iv\u00e6rks\u00e6ttere har specielle behov, og derfor er der ogs\u00e5 visse banker der s\u00e6rligt servicerer iv\u00e6rks\u00e6ttere. Hvis du s\u00f8ger bankl\u00e5n til virksomhed er der flere gode muligheder. Her ser vi n\u00e6rmere &#8230;<\/p>\n","protected":false},"author":1,"featured_media":0,"parent":0,"menu_order":0,"comment_status":"closed","ping_status":"closed","template":"","meta":{"footnotes":""},"class_list":["post-138","page","type-page","status-publish","hentry"],"_links":{"self":[{"href":"https:\/\/firmalan.com\/dk\/wp-json\/wp\/v2\/pages\/138","targetHints":{"allow":["GET"]}}],"collection":[{"href":"https:\/\/firmalan.com\/dk\/wp-json\/wp\/v2\/pages"}],"about":[{"href":"https:\/\/firmalan.com\/dk\/wp-json\/wp\/v2\/types\/page"}],"author":[{"embeddable":true,"href":"https:\/\/firmalan.com\/dk\/wp-json\/wp\/v2\/users\/1"}],"replies":[{"embeddable":true,"href":"https:\/\/firmalan.com\/dk\/wp-json\/wp\/v2\/comments?post=138"}],"version-history":[{"count":2,"href":"https:\/\/firmalan.com\/dk\/wp-json\/wp\/v2\/pages\/138\/revisions"}],"predecessor-version":[{"id":141,"href":"https:\/\/firmalan.com\/dk\/wp-json\/wp\/v2\/pages\/138\/revisions\/141"}],"wp:attachment":[{"href":"https:\/\/firmalan.com\/dk\/wp-json\/wp\/v2\/media?parent=138"}],"curies":[{"name":"wp","href":"https:\/\/api.w.org\/{rel}","templated":true}]}}