{"id":135,"date":"2018-12-18T22:33:00","date_gmt":"2018-12-18T21:33:00","guid":{"rendered":"https:\/\/firmalan.com\/dk\/?page_id=135"},"modified":"2018-12-18T22:33:00","modified_gmt":"2018-12-18T21:33:00","slug":"laan-penge","status":"publish","type":"page","link":"https:\/\/firmalan.com\/dk\/laan-penge\/","title":{"rendered":"L\u00e5n penge som selvst\u00e6ndig, konsulent eller freelancer"},"content":{"rendered":"<p>&nbsp;<\/p>\n<p>Der vil altid v\u00e6re mange selvst\u00e6ndige iv\u00e6rks\u00e6ttere i Danmark, og takket v\u00e6re internettets tilstedev\u00e6relse er antallet af freelancere steget voldsomt. Som selvst\u00e6ndig og som konsulent kan der v\u00e6re behov for at tage et l\u00e5n &#8211; pr\u00e6cis ligesom med alle andre besk\u00e6ftigelser. Der kan for eksempel v\u00e6re tale om et privat l\u00e5n til hus eller forbrug: Men det kan selvf\u00f8lgelig ogs\u00e5 v\u00e6re i forbindelse med arbejdet. Derfor varierer l\u00e5nene ogs\u00e5 meget &#8211; der er nemlig forskel p\u00e5 om det er et <a href=\"https:\/\/firmalan.com\/dk\/privatlaan\/\">privatl\u00e5n<\/a> eller et <a href=\"https:\/\/firmalan.com\/dk\/erhvervslaan\/\">erhvervsl\u00e5n<\/a>.<\/p>\n<p>&nbsp;<\/p>\n<p>Hvis du er iv\u00e6rks\u00e6tter og er p\u00e5 vej til at l\u00e5ne, s\u00e5 giver vi dig en hurtig guide lige her!<\/p>\n<p>&nbsp;<\/p>\n<p><strong>Her kan du l\u00e5ne penge som selvst\u00e6ndig iv\u00e6rks\u00e6tter<\/strong><\/p>\n<p><strong>\u00a0<\/strong><\/p>\n<p>V\u00e6kstfonden som underst\u00f8ttes InnovFin SMV-garantifaciliteten med \u00f8konomisk st\u00f8tte fra Den Europ\u00e6iske Unions finansielle instrumenter under Horisont 2020, kan tilbyde unge virksomheder v\u00e6kstl\u00e5n til iv\u00e6rks\u00e6ttere trods korte forretningshistorik.<\/p>\n<p>Det foruds\u00e6ttes dog, at virksomheden, allerede har produkter og kunder, og at iv\u00e6rks\u00e6tteren opn\u00e5r mindst 50 pct. privat medfinansiering, samt at der stilles personlig kaution.<\/p>\n<p>&nbsp;<\/p>\n<p>En anden mulighed er <a href=\"https:\/\/firmalan.com\/dk\/005-qred\/\">Qred<\/a> iv\u00e6rks\u00e6tterl\u00e5n p\u00e5 op til 250.000 kr med fleksibel tilbagebetaling.<\/p>\n<p>&nbsp;<\/p>\n<p>Et popul\u00e6rt sted at tage et privat l\u00e5n vil ofte v\u00e6re i egen bank. Her har du sikkert allerede en r\u00e5dgiver som kender din \u00f8konomi (eller som i hvert fald kan tjekke den). Og i mange tilf\u00e6lde har de almindelige banker forholdsvis retf\u00e6rdige renter. Men det afh\u00e6nger selvf\u00f8lgelig af mange forskellige ting. Det kan godt tage lidt tid, inden bankl\u00e5net er helt forhandlet igennem, og det er en klar ulempe, hvis du st\u00e5r og mangler pengene her og nu. Din egen bank vil ogs\u00e5 typisk have visse krav til din historik, hvis du er p\u00e5 vej til at tage et nyt l\u00e5n.<\/p>\n<p>&nbsp;<\/p>\n<p>Du kan ogs\u00e5 tage et l\u00e5n hos et privat l\u00e5nefirma. Der er efterh\u00e5nden kommet mange af disse p\u00e5 markedet, b\u00e5de i Danmark og i udlandet. Deres hovedform\u00e5l er at tilbyde forbrugsl\u00e5n. Disse l\u00e5n er kendetegnet ved en h\u00f8j rente, men omvendt g\u00e5r det hurtigt med at skaffe l\u00e5net. Det er firmaer som Bank Norwegian, Spargo, F\u00f8nix, Privatbank Plus, samt mange flere. Nogle af dem har indkomstkrav, hvis du l\u00e5ner hos dem. Andre kr\u00e6ver blot at du angiver, hvad du laver, ogs\u00e5 bekr\u00e6fter de igennem CPR-nummer og\/eller NemID. De private l\u00e5nefirmaer har desuden alderskrav. Oftest skal du v\u00e6re \u00e6ldre end 23 for at kunne l\u00e5ne, men der er selvf\u00f8lgelig ogs\u00e5 undtagelser.<\/p>\n<p>&nbsp;<\/p>\n<p><strong>Alternative m\u00e5der at f\u00e5 kapital<\/strong><\/p>\n<p>&nbsp;<\/p>\n<p>Hvis du ikke skal l\u00e5ne penge til privat brug, men i stedet til din forretning s\u00e5 er der ogs\u00e5 andre m\u00e5der at f\u00e5 kapital p\u00e5. Tjek for eksempel den popul\u00e6re iv\u00e6rks\u00e6tterhjemmeside Amino, hvor du kan s\u00f8ge om penge via investorer og partnere. Der er ogs\u00e5 andre hjemmesider, hvor du kan pitche din id\u00e9 og derved samle penge ind til et bestemt projekt.<\/p>\n<p>&nbsp;<\/p>\n<p>Ofte vil kravene v\u00e6re ret anderledes her, i forhold til hvis du l\u00e5ner penge hos en bank. Hvis du henter kapital vil aftalen typisk v\u00e6re, at de \u00f8vrige partnere f\u00e5r del i overskuddet, og at du alts\u00e5 ikke n\u00f8dvendigvis skylder dem de penge, som de indbetalte til dit arbejde. Men det varierer igen meget, og den eneste m\u00e5de at f\u00e5 et endeligt svar p\u00e5, er ved at tale med folk og s\u00e6tte en aftale i stand.<\/p>\n<p>&nbsp;<\/p>\n<p>Uanset hvad: Der er mange m\u00e5der at l\u00e5ne penge som selvst\u00e6ndig. Det kan v\u00e6re et klassisk bankl\u00e5n, det kan v\u00e6re hos et privat l\u00e5nefirma, eller det kan v\u00e6re via investorer. V\u00e6lg selv den bedste l\u00f8sning for dig, og vi \u00f8nsker dig held og lykke!<\/p>\n","protected":false},"excerpt":{"rendered":"<p>&nbsp; Der vil altid v\u00e6re mange selvst\u00e6ndige iv\u00e6rks\u00e6ttere i Danmark, og takket v\u00e6re internettets tilstedev\u00e6relse er antallet af freelancere steget voldsomt. Som selvst\u00e6ndig og som konsulent kan der v\u00e6re behov &#8230;<\/p>\n","protected":false},"author":1,"featured_media":0,"parent":0,"menu_order":0,"comment_status":"closed","ping_status":"closed","template":"","meta":{"footnotes":""},"class_list":["post-135","page","type-page","status-publish","hentry"],"_links":{"self":[{"href":"https:\/\/firmalan.com\/dk\/wp-json\/wp\/v2\/pages\/135","targetHints":{"allow":["GET"]}}],"collection":[{"href":"https:\/\/firmalan.com\/dk\/wp-json\/wp\/v2\/pages"}],"about":[{"href":"https:\/\/firmalan.com\/dk\/wp-json\/wp\/v2\/types\/page"}],"author":[{"embeddable":true,"href":"https:\/\/firmalan.com\/dk\/wp-json\/wp\/v2\/users\/1"}],"replies":[{"embeddable":true,"href":"https:\/\/firmalan.com\/dk\/wp-json\/wp\/v2\/comments?post=135"}],"version-history":[{"count":1,"href":"https:\/\/firmalan.com\/dk\/wp-json\/wp\/v2\/pages\/135\/revisions"}],"predecessor-version":[{"id":136,"href":"https:\/\/firmalan.com\/dk\/wp-json\/wp\/v2\/pages\/135\/revisions\/136"}],"wp:attachment":[{"href":"https:\/\/firmalan.com\/dk\/wp-json\/wp\/v2\/media?parent=135"}],"curies":[{"name":"wp","href":"https:\/\/api.w.org\/{rel}","templated":true}]}}