{"id":132,"date":"2018-12-18T21:50:20","date_gmt":"2018-12-18T20:50:20","guid":{"rendered":"https:\/\/firmalan.com\/dk\/?page_id=132"},"modified":"2020-11-28T21:00:16","modified_gmt":"2020-11-28T20:00:16","slug":"ejendomslaan","status":"publish","type":"page","link":"https:\/\/firmalan.com\/dk\/ejendomslaan\/","title":{"rendered":"Ejendomsl\u00e5n"},"content":{"rendered":"<p>&nbsp;<\/p>\n<p>Mange virksomheder og selvst\u00e6ndige har brug for en erhvervsejendom. I mange tilf\u00e6lde er det ogs\u00e5 oplagt at tage et l\u00e5n for at kunne investere i ejendommen &#8211; og her f\u00e5r du mere info om l\u00e5n til erhvervsejendomme.<\/p>\n<p>&nbsp;<\/p>\n<p><strong>S\u00e5dan tager du et ejendomsl\u00e5n<\/strong><\/p>\n<p>&nbsp;<\/p>\n<p>En erhvervsejendom er normalt betegnet som en ejendom der benyttes til \u00e9n af f\u00f8lgende:<\/p>\n<p>&nbsp;<\/p>\n<ul>\n<li>Butik<\/li>\n<li>Lager<\/li>\n<li>Kontor<\/li>\n<li>Industri<\/li>\n<li>Udlejning<\/li>\n<\/ul>\n<p>&nbsp;<\/p>\n<p>Men det kan ogs\u00e5 sagtens v\u00e6re til mange andre form\u00e5l. Pointen er at det er en absolut n\u00f8dvendighed for mange virksomheder.<\/p>\n<p>&nbsp;<\/p>\n<p>Hvis du \u00f8nsker et ejendomsl\u00e5n, skal du tage kontakt til et pengeinstitut eller et privat l\u00e5nefirma. Ofte vil du kunne hente et ejendomsl\u00e5n igennem din egen bank &#8211; det er nemlig en l\u00e5netype, som de fleste danske banker tilbyder. En anden mulighed er at tage l\u00e5net igennem en anden l\u00e5neudbyder. Der er efterh\u00e5nden mange af dem p\u00e5 markedet, s\u00e5 det er aldrig sv\u00e6rt at finde. Ejendomsl\u00e5n d\u00e6kker dog typisk over store bel\u00f8b, s\u00e5 de kr\u00e6ver ofte en form for godkendelse. Derfor skal du &#8211; i de fleste tilf\u00e6lde &#8211; have din forretningsplan klar, og normalt ogs\u00e5 dokumentere din nuv\u00e6rende finansielle situation.<\/p>\n<p>&nbsp;<\/p>\n<p>Generelt er det dog forholdsvis lige til at f\u00e5 et ejendomsl\u00e5n. Der er nemlig mange steder, du kan ans\u00f8ge, s\u00e5 mulighederne er mange. L\u00e5net kan ogs\u00e5 tilpasses til virksomhedens behov.<\/p>\n<p>&nbsp;<\/p>\n<p><strong>Almindelige krav og forhold ved l\u00e5n til erhvervsejendomme<\/strong><\/p>\n<p>&nbsp;<\/p>\n<p>Et ejendomsl\u00e5n vil blive baseret p\u00e5 l\u00e5nerens \u00f8konomi, samt ejendommens v\u00e6rdi. I mods\u00e6tning til typiske boligl\u00e5n i privat regi, er det som regel ikke noget problem at l\u00e5ne et bel\u00f8b der svarer til 100% af ejendommens handelsv\u00e6rdi, hvis der er tale om en erhvervsejendom.<\/p>\n<p>&nbsp;<\/p>\n<p>Der er flere omkostninger i forbindelse med l\u00e5net &#8211; renten er naturligvis den st\u00f8rste. Og den svinger meget fra udbyder til udbyder, s\u00e5 det betaler sig at v\u00e6lge det sted med de laveste omkostninger. Du har normalt mulighed for at v\u00e6lge imellem variabel og fast rente. L\u00f8betiden p\u00e5 selve l\u00e5net kan ogs\u00e5 tilpasses &#8211; faktisk helt op til 30 \u00e5r, om end de generelle omkostninger typisk vil v\u00e6re lavere, hvis du betaler l\u00e5net af hurtigere.<\/p>\n<p>&nbsp;<\/p>\n<p><strong>Tips til at finde den rette erhvervsejendom<\/strong><\/p>\n<p>&nbsp;<\/p>\n<p>Det er formentligt en stor investering, n\u00e5r du skal ud at handle erhvervsejendom. Derfor handler det om at finde den rette &#8211; helt fra start.<\/p>\n<p>&nbsp;<\/p>\n<p>Uanset hvad b\u00f8r du finde den ejendom, der egner sig bedst til din virksomhed. Hvis der er tale om et ejendomsl\u00e5n til butik, s\u00e5 s\u00f8rg for at beliggenheden er i orden, og at bygningens indre lever op til kravene. S\u00f8rg ogs\u00e5 for at infrastrukturen er i orden, hvis der er tale om kontor.<\/p>\n<p>&nbsp;<\/p>\n<p>Ligesom du kan lede efter den bedste pris p\u00e5 l\u00e5net, kan du ogs\u00e5 lede efter den bedste pris p\u00e5 en ejendom. Det er ikke altid de dyreste, der er de bedste. S\u00e5 fokus\u00e9r p\u00e5 din virksomheds behov og kig derefter efter det rette ejendomsl\u00e5n.<\/p>\n\n\n<div style='display:none'>Adservice Comparison Feed: Could not find feed with ID \"dk0001\"<\/div>\n<script>console.log('Adservice Comparison Feed: Could not find feed with ID \"dk0001\"');<\/script>\n","protected":false},"excerpt":{"rendered":"<p>&nbsp; Mange virksomheder og selvst\u00e6ndige har brug for en erhvervsejendom. I mange tilf\u00e6lde er det ogs\u00e5 oplagt at tage et l\u00e5n for at kunne investere i ejendommen &#8211; og her &#8230;<\/p>\n","protected":false},"author":1,"featured_media":0,"parent":0,"menu_order":0,"comment_status":"closed","ping_status":"closed","template":"","meta":{"footnotes":""},"class_list":["post-132","page","type-page","status-publish","hentry"],"_links":{"self":[{"href":"https:\/\/firmalan.com\/dk\/wp-json\/wp\/v2\/pages\/132","targetHints":{"allow":["GET"]}}],"collection":[{"href":"https:\/\/firmalan.com\/dk\/wp-json\/wp\/v2\/pages"}],"about":[{"href":"https:\/\/firmalan.com\/dk\/wp-json\/wp\/v2\/types\/page"}],"author":[{"embeddable":true,"href":"https:\/\/firmalan.com\/dk\/wp-json\/wp\/v2\/users\/1"}],"replies":[{"embeddable":true,"href":"https:\/\/firmalan.com\/dk\/wp-json\/wp\/v2\/comments?post=132"}],"version-history":[{"count":2,"href":"https:\/\/firmalan.com\/dk\/wp-json\/wp\/v2\/pages\/132\/revisions"}],"predecessor-version":[{"id":239,"href":"https:\/\/firmalan.com\/dk\/wp-json\/wp\/v2\/pages\/132\/revisions\/239"}],"wp:attachment":[{"href":"https:\/\/firmalan.com\/dk\/wp-json\/wp\/v2\/media?parent=132"}],"curies":[{"name":"wp","href":"https:\/\/api.w.org\/{rel}","templated":true}]}}