{"id":125,"date":"2016-09-25T10:17:00","date_gmt":"2016-09-25T08:17:00","guid":{"rendered":"https:\/\/firmalan.com\/dk\/?page_id=125"},"modified":"2020-04-24T06:18:07","modified_gmt":"2020-04-24T04:18:07","slug":"005-qred","status":"publish","type":"page","link":"https:\/\/firmalan.com\/dk\/005-qred\/","title":{"rendered":"Qred erhvervsl\u00e5n"},"content":{"rendered":"<div class=\"section-content\">\n<div class=\"row\">\n<div class=\"feature-item col-lg-6 col-sm-6 wow slideInUp\">\n<div class=\"feature-media\"><img decoding=\"async\" src=\"https:\/\/firmalan.com\/dk\/wp-content\/uploads\/2018\/09\/qred-dk.jpg\"><\/div>\n<\/div>\n<div class=\"feature-item col-lg-6 col-sm-6 wow slideInUp\">\n<p>De fleste selskaber kan s\u00f8ge om Qred erhvervsl\u00e5n, dette g\u00e6lder ogs\u00e5 helt nyoprettede selskaber. Det er omkostningsfrit at ans\u00f8ge om et erhvervsl\u00e5n op til 500.000 kr og tager kun \u00e9t minut, du f\u00e5r som oftest svar p\u00e5 din ans\u00f8gning inden for en time. N\u00e5r l\u00e5net er godkendt udbetales pengene s\u00e6dvanligvis samme dag. L\u00e5net har ikke nogen bindingstid og du betaler kun gebyr indtil hele g\u00e6lden er tilbagebetalt. Qred blev grundlagt i Sverige i 2015 og er registreret som finansiel institution hos Finanstilsynet.<\/p>\n<p><a class=\"btn btn-theme-primary btn-lg\" style=\"color: #f4f4f4;\" href=\"https:\/\/firmalan.com\/dk\/go\/005-qred\/\" rel=\"nofollow noopener noreferrer\" target=\"_blank\">Ans\u00f8g &#8211; f\u00e5 et pristilbud<\/a><\/p>\n<\/div>\n<\/div>\n<\/div>\n<div class=\"section-color\">\n<div class=\"row\">\n<div class=\"feature-item col-lg-6 col-sm-6 wow slideInUp\">\n<p class=\"kapitel\">Erhvervsl\u00e5n<\/p>\n<ul id=\"navlist\">\n<li>Bel\u00f8b: 10.000-500.000 kr.<\/li>\n<li>Tilbagebetale: Ikke nogen bindingstid<\/li>\n<li><a href=\"#tabell\">Omkostninger ved l\u00e5n eksempel<\/a><\/li>\n<\/ul>\n<\/div>\n<div class=\"feature-item col-lg-6 col-sm-6 wow slideInUp\">\n<p class=\"kapitel\">Ans\u00f8g 24\/7<\/p>\n<ul id=\"navlist\">\n<li>Ans\u00f8g p\u00e5 1 minut.<\/li>\n<li>F\u00e5 et tilbud indenfor en time.<\/li>\n<li>Normalt udbetales l\u00e5net samme dag senest klokken 17.<\/li>\n<\/ul>\n<\/div>\n<\/div>\n<\/div>\n<p><span style=\"color: #00529c; font-size: 16pt;\">Betingelser:<\/span><\/p>\n<table>\n<tbody>\n<tr>\n<td bgcolor=\"#000\"><span style=\"color: #ffffff;\">Rente<\/span><\/td>\n<td>Ingen renter &#8211; Fast m\u00e5nedsafgift.<\/td>\n<\/tr>\n<tr>\n<td bgcolor=\"#000\"><span style=\"color: #ffffff;\">Startgebyr<\/span><\/td>\n<td>Fast m\u00e5nedsafgift, er individuel og varierer alt afh\u00e6ngig af din virksomheds Qred-score.<\/td>\n<\/tr>\n<\/tbody>\n<\/table>\n<p><span style=\"color: #00529c; font-size: 16pt;\">L\u00e5neberettiget:<\/span><\/p>\n<table>\n<tbody>\n<tr>\n<td bgcolor=\"#000\"><span style=\"color: #ffffff;\">Oms\u00e6tning<\/span><\/td>\n<td>\u00c5rlige indt\u00e6gter.<\/td>\n<\/tr>\n<tr>\n<td bgcolor=\"#000\"><span style=\"color: #ffffff;\">Virksomhedens historie<\/span><\/td>\n<td>I drift.<\/td>\n<\/tr>\n<tr>\n<td bgcolor=\"#000\"><span style=\"color: #ffffff;\">Bankkonto<\/span><\/td>\n<td>Bankkonto dedikeret til forretninger.<\/td>\n<\/tr>\n<tr>\n<td bgcolor=\"#000\"><span style=\"color: #ffffff;\">Adresse<\/span><\/td>\n<td>En fysisk tilstedev\u00e6relse af en virksomhed.<\/td>\n<\/tr>\n<tr>\n<td bgcolor=\"#000\"><span style=\"color: #ffffff;\">Ejerskab<\/span><\/td>\n<td>Alle direkt\u00f8rer er bosat i Danmark.<\/td>\n<\/tr>\n<\/tbody>\n<\/table>\n<p><span style=\"color: #00529c; font-size: 16pt;\">F\u00f8lgende oplysninger \/ dokumentation er p\u00e5kr\u00e6vet:<\/span><\/p>\n<ul>\n<li>CVR-nummer<\/li>\n<li>CPR-nummer<\/li>\n<li>Bevis p\u00e5 din identitet og nuv\u00e6rende virksomhedsindt\u00e6gter via online verifikation af bankkonto.<\/li>\n<li>Et dansk pas eller CPR-nummer<\/li>\n<li>Ans\u00f8g med NemID<\/li>\n<\/ul>\n<hr>\n<h5>Hvem kan ans\u00f8ge om Qred erhvervsl\u00e5n?<\/h5>\n<ul>\n<li>Alle danske aktieselskaber<\/li>\n<li>Enmandsvirksomhed<\/li>\n<li>Personligt ejet virksomheder<\/li>\n<li>Interessentskaber<\/li>\n<li>Anpartselskaber<\/li>\n<li>Iv\u00e6rks\u00e6tterselskaber<\/li>\n<\/ul>\n<p><a name=\"tabell\"><\/a> <span style=\"color: #00529c; font-size: 16pt;\">Omkostninger ved l\u00e5n<\/span><br \/>\n<em>Hvor meget koster det?<\/em><\/p>\n<p>M\u00e5nedsafgiften p\u00e5 l\u00e5net er individuel og varierer alt afh\u00e6ngig af din virksomheds Qred-score. Et l\u00e5n p\u00e5 eksempelvis 60.000 kroner, som l\u00f8ber over seks m\u00e5neder, kan koste 1200 kroner pr. m\u00e5ned plus 10.000 kroner i afbetaling af l\u00e5net. I alt betaler du s\u00e5ledes 11.200 kroner pr. m\u00e5ned.<\/p>\n<hr>\n<h4>Support:<\/h4>\n<table class=\"table table-striped\" border=\"0\">\n<tbody>\n<tr>\n<td valign=\"top\" width=\"150\">Man-Fre<\/td>\n<td valign=\"top\" width=\"100\">09:00 \u2013 18:00<\/td>\n<\/tr>\n<tr>\n<td valign=\"top\" width=\"150\">Weekend<\/td>\n<td valign=\"top\" width=\"100\">Lukket<\/td>\n<\/tr>\n<\/tbody>\n<\/table>\n<blockquote><p>Telefon: +45 89871006<br \/>\nE-mail: <a href=\"mailto:support@qred.dk\">support@qred.dk<\/a><\/p><\/blockquote>\n<p>*F\u00e5 svar p\u00e5 din mail inden for 24 timer.<\/p>\n<blockquote class=\"theme\"><p>Qred Erhvervsl\u00e5n, filial af Qred F\u00f6retagsl\u00e5n AB<\/p>\n<h4>ADRESSE:<\/h4>\n<p>Fruebjergvej 3<br \/>\n2100 K\u00f8benhavn<br \/>\nCVR-nr. 38972294<\/p><\/blockquote>\n","protected":false},"excerpt":{"rendered":"<p>De fleste selskaber kan s\u00f8ge om Qred erhvervsl\u00e5n, dette g\u00e6lder ogs\u00e5 helt nyoprettede selskaber. Det er omkostningsfrit at ans\u00f8ge om et erhvervsl\u00e5n op til 500.000 kr og tager kun \u00e9t &#8230;<\/p>\n","protected":false},"author":1,"featured_media":126,"parent":0,"menu_order":0,"comment_status":"closed","ping_status":"closed","template":"template-fullwidth.php","meta":{"footnotes":""},"class_list":["post-125","page","type-page","status-publish","has-post-thumbnail","hentry"],"_links":{"self":[{"href":"https:\/\/firmalan.com\/dk\/wp-json\/wp\/v2\/pages\/125","targetHints":{"allow":["GET"]}}],"collection":[{"href":"https:\/\/firmalan.com\/dk\/wp-json\/wp\/v2\/pages"}],"about":[{"href":"https:\/\/firmalan.com\/dk\/wp-json\/wp\/v2\/types\/page"}],"author":[{"embeddable":true,"href":"https:\/\/firmalan.com\/dk\/wp-json\/wp\/v2\/users\/1"}],"replies":[{"embeddable":true,"href":"https:\/\/firmalan.com\/dk\/wp-json\/wp\/v2\/comments?post=125"}],"version-history":[{"count":5,"href":"https:\/\/firmalan.com\/dk\/wp-json\/wp\/v2\/pages\/125\/revisions"}],"predecessor-version":[{"id":215,"href":"https:\/\/firmalan.com\/dk\/wp-json\/wp\/v2\/pages\/125\/revisions\/215"}],"wp:featuredmedia":[{"embeddable":true,"href":"https:\/\/firmalan.com\/dk\/wp-json\/wp\/v2\/media\/126"}],"wp:attachment":[{"href":"https:\/\/firmalan.com\/dk\/wp-json\/wp\/v2\/media?parent=125"}],"curies":[{"name":"wp","href":"https:\/\/api.w.org\/{rel}","templated":true}]}}