{"id":122,"date":"2018-09-24T17:20:00","date_gmt":"2018-09-24T15:20:00","guid":{"rendered":"https:\/\/firmalan.com\/dk\/?page_id=122"},"modified":"2019-03-11T16:32:22","modified_gmt":"2019-03-11T15:32:22","slug":"004-opr","status":"publish","type":"page","link":"https:\/\/firmalan.com\/dk\/004-opr\/","title":{"rendered":"OPR virksomhedsl\u00e5n"},"content":{"rendered":"<div class=\"section-content\">\n<div class=\"row\">\n<div class=\"feature-item col-lg-6 col-sm-6 wow slideInUp\">\n<div class=\"feature-media\"><img decoding=\"async\" src=\"https:\/\/firmalan.com\/dk\/wp-content\/uploads\/2018\/09\/opr-dk.jpg\"\/><\/div>\n<\/div>\n<div class=\"feature-item col-lg-6 col-sm-6 wow slideInUp\">\nOPR virksomhedsl\u00e5n till  sm\u00e5 og mellemstore Danske virksomheder (SMV). L\u00e5neans\u00f8gningen online med NemID, OPR tar l\u00e5nebeslutningen og udbetaler virksomhedsl\u00e5net samme dag. L\u00e5n op til 150.000 kr kr\u00e6ver en selvskyldnerkaution fra \u00e9n privatperson. Ved l\u00e5nebel\u00f8b over 150.000 kr. kr\u00e6ves det, to privatpersoner,hver is\u00e6r, stiller en selvskyldnerkaution.<br \/>\nOPR-Finance Oy blev grundlagt 2005 med kontorer i K\u00f8benhavn, Amsterdam, Helsinki, Stockholm og Prag.  <\/p>\n<\/div>\n<\/div>\n<\/div>\n<div class=\"section-color\">\n<div class=\"row\">\n<div class=\"feature-item col-lg-6 col-sm-6 wow slideInUp\">\n<p class=\"kapitel\">Erhvervsl\u00e5n<\/p>\n<ul id=\"navlist\">\n<li>Bel\u00f8b: 20.000-500.000 kr.<\/li>\n<li>Tilbagebetale: 1-24 mdr<\/li>\n<li><a href=\"#tabell\">Omkostninger ved l\u00e5n eksempel<\/a><\/li>\n<\/ul>\n<\/div>\n<div class=\"feature-item col-lg-6 col-sm-6 wow slideInUp\">\n<p class=\"kapitel\">Ans\u00f8g 24\/7<\/p>\n<ul id=\"navlist\">\n<li>Ans\u00f8g om l\u00e5n hurtigt med NemID.<\/li>\n<li>Ans\u00f8gning som modtages p\u00e5 hverdage inden kl. 16.00 behandles straks.<\/li>\n<li>Beslutningen om virksomhedsl\u00e5n gives samme dag.<\/li>\n<li>L\u00e5n udbetales straks efter, at l\u00e5neans\u00f8gningen er godkendt.<\/li>\n<\/ul>\n<\/div>\n<\/div>\n<\/div>\n<p><span style=\"color: #00529c; font-size: 16pt;\">Betingelser:<\/span><\/p>\n<table>\n<tbody>\n<tr>\n<td bgcolor=\"#000\"><span style=\"color: #ffffff;\">Rente<\/span><\/td>\n<td>Kun ekspeditionsgebyr.<\/td>\n<\/tr>\n<tr>\n<td bgcolor=\"#000\"><span style=\"color: #ffffff;\">Startgebyr<\/span><\/td>\n<td>3333-218 080 kr\n<\/td>\n<\/tr>\n<\/tbody>\n<\/table>\n<p><span style=\"color: #00529c; font-size: 16pt;\">L\u00e5neberettiget:<\/span><\/p>\n<table>\n<tbody>\n<tr>\n<td bgcolor=\"#000\"><span style=\"color: #ffffff;\">Oms\u00e6tning<\/span><\/td>\n<td>\u00c5rlige indt\u00e6gter.<\/td>\n<\/tr>\n<tr>\n<td bgcolor=\"#000\"><span style=\"color: #ffffff;\">Virksomhedens historie<\/span><\/td>\n<td>I drift.<\/td>\n<\/tr>\n<tr>\n<td bgcolor=\"#000\"><span style=\"color: #ffffff;\">Bankkonto<\/span><\/td>\n<td>Bankkonto dedikeret til forretninger.<\/td>\n<\/tr>\n<tr>\n<td bgcolor=\"#000\"><span style=\"color: #ffffff;\">Adresse<\/span><\/td>\n<td>En fysisk tilstedev\u00e6relse af en virksomhed.<\/td>\n<\/tr>\n<tr>\n<td bgcolor=\"#000\"><span style=\"color: #ffffff;\">Ejerskab<\/span><\/td>\n<td>Alle direkt\u00f8rer er bosat i Danmark.<\/td>\n<\/tr>\n<\/tbody>\n<\/table>\n<p><span style=\"color: #00529c; font-size: 16pt;\">F\u00f8lgende oplysninger \/ dokumentation er p\u00e5kr\u00e6vet:<\/span><\/p>\n<ul>\n<li>CVR-nummer<\/li>\n<li>CPR-nummer<\/li>\n<li>Bevis p\u00e5 din identitet og nuv\u00e6rende virksomhedsindt\u00e6gter via online verifikation af bankkonto.<\/li>\n<li>Et dansk pas eller CPR-nummer<\/li>\n<li>Ans\u00f8g med NemID<\/li>\n<\/ul>\n<hr \/>\n<p><a name=\"tabell\"><\/a> <span style=\"color: #00529c; font-size: 16pt;\">Omkostninger ved l\u00e5n<\/span><br \/>\n<em>Hvor meget koster det?<\/em><\/p>\n<p>20% Rabat p\u00e5 Ekspeditionsgebyret s\u00e5fremt samtlige afdrag indbetales rettidigt. Du kan beregne din ydelse p\u00e5 OPR-Virksomhedsl\u00e5n website.<\/p>\n<table>\n<thead>\n<tr>\n<th>Bel\u00f8b<\/th>\n<th>6 m\u00e5n<\/th>\n<th>12 m\u00e5n<\/th>\n<th>24 m\u00e5n<\/th>\n<\/tr>\n<\/thead>\n<tbody>\n<tr>\n<td bgcolor=\"#000\"><span style=\"color: #ffffff;\">100 000 kr<\/span><\/td>\n<td>127 980 kr<\/td>\n<td>152 040 kr<\/td>\n<td>&#8211;<\/td>\n<\/tr>\n<tr>\n<td bgcolor=\"#000\"><span style=\"color: #ffffff;\">250 000 kr<\/span><\/td>\n<td>299 952 kr<\/td>\n<td>338 892 kr<\/td>\n<td>&#8211;<\/td>\n<\/tr>\n<tr>\n<td bgcolor=\"#000\"><span style=\"color: #ffffff;\">500 000 kr<\/span><\/td>\n<td>589 998 kr <\/td>\n<td>645 000 kr<\/td>\n<td>718 080 kr<\/td>\n<\/tr>\n<\/tbody>\n<\/table>\n<hr \/>\n<h4>Support:<\/h4>\n<table class=\"table table-striped\" border=\"0\">\n<tbody>\n<tr>\n<td valign=\"top\" width=\"150\">Man-Fre<\/td>\n<td valign=\"top\" width=\"100\">09:00 \u2013 17:00<\/td>\n<\/tr>\n<tr>\n<td valign=\"top\" width=\"150\">Weekend<\/td>\n<td valign=\"top\" width=\"100\">Lukket<\/td>\n<\/tr>\n<\/tbody>\n<\/table>\n<blockquote><p>Telefon: +45 78 76 24 50<br \/>\nE-mail: <a href=\"mailto:kundeservice@opr-virksomhedsl\u00e5n.dk\">kundeservice@opr-virksomhedsl\u00e5n.dk<\/a><\/p><\/blockquote>\n<p>*F\u00e5 svar p\u00e5 din mail inden for 24 timer.<\/p>\n<blockquote class=\"theme\"><p>\nOPR-Finance ApS<\/p>\n<h4>ADRESSE:<\/h4>\n<p>Bredgade 30<br \/>\nDK-1260 K\u00f8benhavn K<br \/>\nDanmark<br \/>\nCVR-nr. 37604615<\/p><\/blockquote>\n","protected":false},"excerpt":{"rendered":"<p>OPR virksomhedsl\u00e5n till sm\u00e5 og mellemstore Danske virksomheder (SMV). L\u00e5neans\u00f8gningen online med NemID, OPR tar l\u00e5nebeslutningen og udbetaler virksomhedsl\u00e5net samme dag. L\u00e5n op til 150.000 kr kr\u00e6ver en selvskyldnerkaution fra &#8230;<\/p>\n","protected":false},"author":1,"featured_media":123,"parent":0,"menu_order":0,"comment_status":"closed","ping_status":"closed","template":"template-fullwidth.php","meta":{"footnotes":""},"class_list":["post-122","page","type-page","status-publish","has-post-thumbnail","hentry"],"_links":{"self":[{"href":"https:\/\/firmalan.com\/dk\/wp-json\/wp\/v2\/pages\/122","targetHints":{"allow":["GET"]}}],"collection":[{"href":"https:\/\/firmalan.com\/dk\/wp-json\/wp\/v2\/pages"}],"about":[{"href":"https:\/\/firmalan.com\/dk\/wp-json\/wp\/v2\/types\/page"}],"author":[{"embeddable":true,"href":"https:\/\/firmalan.com\/dk\/wp-json\/wp\/v2\/users\/1"}],"replies":[{"embeddable":true,"href":"https:\/\/firmalan.com\/dk\/wp-json\/wp\/v2\/comments?post=122"}],"version-history":[{"count":1,"href":"https:\/\/firmalan.com\/dk\/wp-json\/wp\/v2\/pages\/122\/revisions"}],"predecessor-version":[{"id":124,"href":"https:\/\/firmalan.com\/dk\/wp-json\/wp\/v2\/pages\/122\/revisions\/124"}],"wp:featuredmedia":[{"embeddable":true,"href":"https:\/\/firmalan.com\/dk\/wp-json\/wp\/v2\/media\/123"}],"wp:attachment":[{"href":"https:\/\/firmalan.com\/dk\/wp-json\/wp\/v2\/media?parent=122"}],"curies":[{"name":"wp","href":"https:\/\/api.w.org\/{rel}","templated":true}]}}