{"id":111,"date":"2018-09-24T13:42:00","date_gmt":"2018-09-24T11:42:00","guid":{"rendered":"https:\/\/firmalan.com\/dk\/?page_id=111"},"modified":"2019-03-11T16:32:22","modified_gmt":"2019-03-11T15:32:22","slug":"lendino","status":"publish","type":"page","link":"https:\/\/firmalan.com\/dk\/lendino\/","title":{"rendered":"Lendino"},"content":{"rendered":"<div class=\"section-content\">\n<div class=\"row\">\n<div class=\"feature-item col-lg-6 col-sm-6 wow slideInUp\">\n<div class=\"feature-media\"><img decoding=\"async\" src=\"https:\/\/firmalan.com\/dk\/wp-content\/uploads\/2018\/09\/lendino.jpg\"\/><\/div>\n<\/div>\n<div class=\"feature-item col-lg-6 col-sm-6 wow slideInUp\">\n<p>Lendino er en markedsplads for P2P-l\u00e5n hvor private og professionelle kan l\u00e5ne penge til mindre danske virksomheder.  Tjenesten blev stiftet i begyndelsen af 2014 og er selvf\u00f8lgelig reguleret af Finanstilsynet.<br \/>\nL\u00e5n opp till 5 millioner kroner med Lendino erhvervsl\u00e5n eller pr\u00f8v at l\u00e5ne penge direkte af din egen netv\u00e6rk med Lendino netv\u00e6rksl\u00e5n. Alle typer af virksomheder kan ans\u00f8ge om netv\u00e6rksl\u00e5n. Det eneste, det kr\u00e6ver, er et CVR-nummer, og at virksomheden\/foreningen ikke er registreret i RKI. <\/p>\n<\/div>\n<\/div>\n<\/div>\n<div class=\"section-color\">\n<div class=\"row\">\n<div class=\"feature-item col-lg-6 col-sm-6 wow slideInUp\">\n<p class=\"kapitel\">Erhvervsl\u00e5n<\/p>\n<ul id=\"navlist\">\n<li>Bel\u00f8b: op til 5 000 000 kr.<\/li>\n<li>Tilbagebetale: afh\u00e6nger af aftale<\/li>\n<li>5-15%<\/li>\n<\/ul>\n<\/div>\n<div class=\"feature-item col-lg-6 col-sm-6 wow slideInUp\">\n<p class=\"kapitel\">Ans\u00f8g 24\/7<\/p>\n<ul id=\"navlist\">\n<li>Ans\u00f8g om l\u00e5n p\u00e5 10-15 min<\/li>\n<li>Respons inden for 24 timer p\u00e5 hverdage<\/li>\n<li>Tilg\u00e6ngeligt for l\u00e5ngivere p\u00e5 markedspladsen i 28 dage<\/li>\n<li>L\u00e5n udbetales, typisk inden for 48 timer efter finansieringen<\/li>\n<\/ul>\n<\/div>\n<\/div>\n<\/div>\n<p><span style=\"color: #00529c; font-size: 16pt;\">Betingelser:<\/span><\/p>\n<table>\n<tbody>\n<tr>\n<td bgcolor=\"#000\"><span style=\"color: #ffffff;\">Rente<\/span><\/td>\n<td>5-15%.<\/td>\n<\/tr>\n<tr>\n<td bgcolor=\"#000\"><span style=\"color: #ffffff;\">Startgebyr<\/span><\/td>\n<td>2-4% af l\u00e5nebel\u00f8b (mindst 9.500 kr.)\n<\/td>\n<\/tr>\n<\/tbody>\n<\/table>\n<p><span style=\"color: #00529c; font-size: 16pt;\">L\u00e5neberettiget:<\/span><\/p>\n<table>\n<tbody>\n<tr>\n<td bgcolor=\"#000\"><span style=\"color: #ffffff;\">Oms\u00e6tning<\/span><\/td>\n<td>\u00c5rlige indt\u00e6gter.<\/td>\n<\/tr>\n<tr>\n<td bgcolor=\"#000\"><span style=\"color: #ffffff;\">Virksomhedens historie<\/span><\/td>\n<td>I drift.<\/td>\n<\/tr>\n<tr>\n<td bgcolor=\"#000\"><span style=\"color: #ffffff;\">Bankkonto<\/span><\/td>\n<td>Bankkonto dedikeret til forretninger.<\/td>\n<\/tr>\n<tr>\n<td bgcolor=\"#000\"><span style=\"color: #ffffff;\">Adresse<\/span><\/td>\n<td>En fysisk tilstedev\u00e6relse af en virksomhed.<\/td>\n<\/tr>\n<tr>\n<td bgcolor=\"#000\"><span style=\"color: #ffffff;\">Ejerskab<\/span><\/td>\n<td>Alle direkt\u00f8rer er bosat i Danmark.<\/td>\n<\/tr>\n<\/tbody>\n<\/table>\n<p><span style=\"color: #00529c; font-size: 16pt;\">F\u00f8lgende oplysninger \/ dokumentation er p\u00e5kr\u00e6vet:<\/span><br \/>\n<img loading=\"lazy\" decoding=\"async\" width=\"1644\" height=\"953\" class=\"alignnone size-medium wp-image-120\" src=\"https:\/\/firmalan.com\/dk\/wp-content\/uploads\/2018\/09\/dokument_-1.jpg\" alt=\"\" srcset=\"https:\/\/firmalan.com\/dk\/wp-content\/uploads\/2018\/09\/dokument_-1.jpg 1644w, https:\/\/firmalan.com\/dk\/wp-content\/uploads\/2018\/09\/dokument_-1-300x174.jpg 300w, https:\/\/firmalan.com\/dk\/wp-content\/uploads\/2018\/09\/dokument_-1-768x445.jpg 768w, https:\/\/firmalan.com\/dk\/wp-content\/uploads\/2018\/09\/dokument_-1-1024x594.jpg 1024w\" sizes=\"auto, (max-width: 1644px) 100vw, 1644px\" \/><\/p>\n<hr \/>\n<p><\/br><br \/>\nDer kan l\u00e5nes til f\u00f8lgende 6 form\u00e5l:<\/p>\n<ol>\n<li>Driftsfinansiering<\/li>\n<li>Ekspansion<\/li>\n<li>Anl\u00e6gsfinansiering<\/li>\n<li>Produktionsudstyr<\/li>\n<li>Arbejdskapital<\/li>\n<li>Mellemfinansiering<\/li>\n<\/ol>\n<p><\/br><\/p>\n<p><strong>Der er tre typer af crowdlending:<\/strong><\/p>\n<ol>\n<li><em>Peer to peer<\/em> &#8211; P2P-l\u00e5n mellem privatpersoner<\/li>\n<li><em>Peer to business<\/em> &#8211; P2B-l\u00e5n fra enkeltpersoner til virksomheder<\/li>\n<li><em>Business to business<\/em> &#8211; B2B-l\u00e5n mellem virksomheder<\/li>\n<\/ol>\n<hr \/>\n<h4>Support:<\/h4>\n<table class=\"table table-striped\" border=\"0\">\n<tbody>\n<tr>\n<td valign=\"top\" width=\"150\">Man-Fre<\/td>\n<td valign=\"top\" width=\"100\">09:00 \u2013 17:00<\/td>\n<\/tr>\n<tr>\n<td valign=\"top\" width=\"150\">Weekend<\/td>\n<td valign=\"top\" width=\"100\">Lukket<\/td>\n<\/tr>\n<\/tbody>\n<\/table>\n<blockquote><p>Telefon: +45 70 270 250<br \/>\nE-mail: <a href=\"mailto:info@lendino.dk\">info@lendino.dk<\/a><\/p><\/blockquote>\n<p>*F\u00e5 svar p\u00e5 din mail inden for 24 timer.<\/p>\n<blockquote class=\"theme\"><p>\nLendino A\/S<\/p>\n<h4>ADRESSE:<\/h4>\n<p>Applebys Plads 7<br \/>\n1411 K\u00f8benhavn K<br \/>\nDanmark<br \/>\nCVR-nr. 35654135<\/p><\/blockquote>\n","protected":false},"excerpt":{"rendered":"<p>Lendino er en markedsplads for P2P-l\u00e5n hvor private og professionelle kan l\u00e5ne penge til mindre danske virksomheder. Tjenesten blev stiftet i begyndelsen af 2014 og er selvf\u00f8lgelig reguleret af Finanstilsynet. &#8230;<\/p>\n","protected":false},"author":1,"featured_media":117,"parent":0,"menu_order":0,"comment_status":"closed","ping_status":"closed","template":"template-fullwidth.php","meta":{"footnotes":""},"class_list":["post-111","page","type-page","status-publish","has-post-thumbnail","hentry"],"_links":{"self":[{"href":"https:\/\/firmalan.com\/dk\/wp-json\/wp\/v2\/pages\/111","targetHints":{"allow":["GET"]}}],"collection":[{"href":"https:\/\/firmalan.com\/dk\/wp-json\/wp\/v2\/pages"}],"about":[{"href":"https:\/\/firmalan.com\/dk\/wp-json\/wp\/v2\/types\/page"}],"author":[{"embeddable":true,"href":"https:\/\/firmalan.com\/dk\/wp-json\/wp\/v2\/users\/1"}],"replies":[{"embeddable":true,"href":"https:\/\/firmalan.com\/dk\/wp-json\/wp\/v2\/comments?post=111"}],"version-history":[{"count":1,"href":"https:\/\/firmalan.com\/dk\/wp-json\/wp\/v2\/pages\/111\/revisions"}],"predecessor-version":[{"id":121,"href":"https:\/\/firmalan.com\/dk\/wp-json\/wp\/v2\/pages\/111\/revisions\/121"}],"wp:featuredmedia":[{"embeddable":true,"href":"https:\/\/firmalan.com\/dk\/wp-json\/wp\/v2\/media\/117"}],"wp:attachment":[{"href":"https:\/\/firmalan.com\/dk\/wp-json\/wp\/v2\/media?parent=111"}],"curies":[{"name":"wp","href":"https:\/\/api.w.org\/{rel}","templated":true}]}}