{"id":110,"date":"2018-09-24T11:56:00","date_gmt":"2018-09-24T09:56:00","guid":{"rendered":"https:\/\/firmalan.com\/dk\/?page_id=110"},"modified":"2019-03-11T16:32:22","modified_gmt":"2019-03-11T15:32:22","slug":"flex-funding","status":"publish","type":"page","link":"https:\/\/firmalan.com\/dk\/flex-funding\/","title":{"rendered":"Flex Funding"},"content":{"rendered":"<div class=\"section-content\">\n<div class=\"row\">\n<div class=\"feature-item col-lg-6 col-sm-6 wow slideInUp\">\n<div class=\"feature-media\"><img decoding=\"async\" src=\"https:\/\/firmalan.com\/dk\/wp-content\/uploads\/2018\/09\/flex-funding-2.jpg\"\/><\/div>\n<\/div>\n<div class=\"feature-item col-lg-6 col-sm-6 wow slideInUp\">\n<p>Flex Funding crowdlending er en ny markedet for erhvervsl\u00e5n hvor investorer kan l\u00e5n penge ud til virksomheder. L\u00e5ne op til 15.000.000 kr med attraktive renter uden besv\u00e6r. Flex Funding<br \/>\nfungerer som mellemmand i finansieringsprocessen mellem investorer og virksomheder. Placering af penge gennem Flex Funding indeb\u00e6rer direkte l\u00e5ngivning til sm\u00e5 og mellemstore virksomheder. <\/p>\n<p>Lige nu har Flex Funding over 120.000.000 kr. i udl\u00e5n til danske virksomheder, foreninger og organisationer. Tjenesten blev startet 2013, Flex Funding A\/S har licens fra Finanstilsynet.  <\/p>\n<\/div>\n<\/div>\n<\/div>\n<div class=\"section-color\">\n<div class=\"row\">\n<div class=\"feature-item col-lg-6 col-sm-6 wow slideInUp\">\n<p class=\"kapitel\">Virksomhedsl\u00e5n<\/p>\n<ul id=\"navlist\">\n<li>Bel\u00f8b: 200 000-15 000 000 kr.<\/li>\n<li>Tilbagebetale: 6-60 m\u00e5neder<\/li>\n<li>Rentesatsen bestemmes efter budgivning + 1% provision til Flex Funding<\/li>\n<\/ul>\n<\/div>\n<div class=\"feature-item col-lg-6 col-sm-6 wow slideInUp\">\n<p class=\"kapitel\">Ans\u00f8g 24\/7<\/p>\n<ul id=\"navlist\">\n<li>Ans\u00f8g om l\u00e5n p\u00e5 2-5 min<\/li>\n<li>Respons inden for 24 timer p\u00e5 hverdage<\/li>\n<\/ul>\n<\/div>\n<\/div>\n<\/div>\n<p><span style=\"color: #00529c; font-size: 16pt;\">Betingelser:<\/span><\/p>\n<table>\n<tbody>\n<tr>\n<td bgcolor=\"#000\"><span style=\"color: #ffffff;\">Rente<\/span><\/td>\n<td>Fra 4,25%.<\/td>\n<\/tr>\n<tr>\n<td bgcolor=\"#000\"><span style=\"color: #ffffff;\">Startgebyr<\/span><\/td>\n<td>L\u00e5n 200.000 \u2013 1.999.999 kr.<br \/>\n3,00 %<br \/>L\u00e5n 2.000.000 \u2013 15.000.000 kr.<br \/>\n2,00 % (minimum 50.000 kr.)\n<\/td>\n<\/tr>\n<\/tbody>\n<\/table>\n<p><span style=\"color: #00529c; font-size: 16pt;\">L\u00e5neberettiget:<\/span><\/p>\n<table>\n<tbody>\n<tr>\n<td bgcolor=\"#000\"><span style=\"color: #ffffff;\">Oms\u00e6tning<\/span><\/td>\n<td>\u00c5rlige indt\u00e6gter.<\/td>\n<\/tr>\n<tr>\n<td bgcolor=\"#000\"><span style=\"color: #ffffff;\">Virksomhedens historie<\/span><\/td>\n<td>I drift.<\/td>\n<\/tr>\n<tr>\n<td bgcolor=\"#000\"><span style=\"color: #ffffff;\">Bankkonto<\/span><\/td>\n<td>Bankkonto dedikeret til forretninger.<\/td>\n<\/tr>\n<tr>\n<td bgcolor=\"#000\"><span style=\"color: #ffffff;\">Adresse<\/span><\/td>\n<td>En fysisk tilstedev\u00e6relse af en virksomhed.<\/td>\n<\/tr>\n<tr>\n<td bgcolor=\"#000\"><span style=\"color: #ffffff;\">Ejerskab<\/span><\/td>\n<td>Alle direkt\u00f8rer er bosat i Danmark.<\/td>\n<\/tr>\n<\/tbody>\n<\/table>\n<p><span style=\"color: #00529c; font-size: 16pt;\">F\u00f8lgende oplysninger \/ dokumentation er p\u00e5kr\u00e6vet:<\/span><\/p>\n<ul>\n<li>CVR-nummer<\/li>\n<li>CPR-nummer<\/li>\n<li>Bevis p\u00e5 din identitet og nuv\u00e6rende virksomhedsindt\u00e6gter via online verifikation af bankkonto.<\/li>\n<li>Et dansk pas eller CPR-nummer<\/li>\n<li>Et mobilfoto af din identifikation og dig selv<\/li>\n<\/ul>\n<hr \/>\n<p><\/br><br \/>\nDer kan l\u00e5nes til f\u00f8lgende 6 form\u00e5l:<\/p>\n<ol>\n<li>Driftsfinansiering<\/li>\n<li>Ekspansion<\/li>\n<li>Anl\u00e6gsfinansiering<\/li>\n<li>Produktionsudstyr<\/li>\n<li>Arbejdskapital<\/li>\n<li>Mellemfinansiering<\/li>\n<\/ol>\n<p><\/br><br \/>\n<strong>Hvem kan l\u00e5ne?<\/strong><\/p>\n<ul>\n<li>ApS, A\/S, IVS, P\/S og SE<\/li>\n<li>Interessentskab (I\/S)<\/li>\n<li>Forening<\/li>\n<li>Selvejende institutioner<\/li>\n<li>Fonde<\/li>\n<li>A.M.B.A, S.M.B.A og F.M.B.A<\/li>\n<li>Virksomheder med begr\u00e6nset ansvar<\/li>\n<li>Kommune, Region, Stat<\/li>\n<\/ul>\n<p><\/br><\/p>\n<p><strong>Der er tre typer af crowdlending:<\/strong><\/p>\n<ol>\n<li><em>Peer to peer<\/em> &#8211; P2P-l\u00e5n mellem privatpersoner<\/li>\n<li><em>Peer to business<\/em> &#8211; P2B-l\u00e5n fra enkeltpersoner til virksomheder<\/li>\n<li><em>Business to business<\/em> &#8211; B2B-l\u00e5n mellem virksomheder<\/li>\n<\/ol>\n<hr \/>\n<h4>Support:<\/h4>\n<table class=\"table table-striped\" border=\"0\">\n<tbody>\n<tr>\n<td valign=\"top\" width=\"150\">Man-Fre<\/td>\n<td valign=\"top\" width=\"100\">08:30 \u2013 16:30<\/td>\n<\/tr>\n<tr>\n<td valign=\"top\" width=\"150\">Weekend<\/td>\n<td valign=\"top\" width=\"100\">Lukket<\/td>\n<\/tr>\n<\/tbody>\n<\/table>\n<blockquote><p>Telefon: +45 7060 5200<br \/>\nE-mail: <a href=\"mailto:info@flexfunding.com\">info@flexfunding.com<\/a><\/p><\/blockquote>\n<p>*F\u00e5 svar p\u00e5 din mail inden for 24 timer.<\/p>\n<blockquote class=\"theme\"><p>\nFlex Funding A\/S<\/p>\n<h4>ADRESSE:<\/h4>\n<p>Strandvejen 100<br \/>\nOpgang 3, 2. Sal<br \/>\n2900 Hellerup, Denmark<br \/>\nCVR-nr. 25619978<\/p><\/blockquote>\n","protected":false},"excerpt":{"rendered":"<p>Flex Funding crowdlending er en ny markedet for erhvervsl\u00e5n hvor investorer kan l\u00e5n penge ud til virksomheder. L\u00e5ne op til 15.000.000 kr med attraktive renter uden besv\u00e6r. Flex Funding fungerer &#8230;<\/p>\n","protected":false},"author":1,"featured_media":114,"parent":0,"menu_order":0,"comment_status":"closed","ping_status":"closed","template":"template-fullwidth.php","meta":{"footnotes":""},"class_list":["post-110","page","type-page","status-publish","has-post-thumbnail","hentry"],"_links":{"self":[{"href":"https:\/\/firmalan.com\/dk\/wp-json\/wp\/v2\/pages\/110","targetHints":{"allow":["GET"]}}],"collection":[{"href":"https:\/\/firmalan.com\/dk\/wp-json\/wp\/v2\/pages"}],"about":[{"href":"https:\/\/firmalan.com\/dk\/wp-json\/wp\/v2\/types\/page"}],"author":[{"embeddable":true,"href":"https:\/\/firmalan.com\/dk\/wp-json\/wp\/v2\/users\/1"}],"replies":[{"embeddable":true,"href":"https:\/\/firmalan.com\/dk\/wp-json\/wp\/v2\/comments?post=110"}],"version-history":[{"count":2,"href":"https:\/\/firmalan.com\/dk\/wp-json\/wp\/v2\/pages\/110\/revisions"}],"predecessor-version":[{"id":116,"href":"https:\/\/firmalan.com\/dk\/wp-json\/wp\/v2\/pages\/110\/revisions\/116"}],"wp:featuredmedia":[{"embeddable":true,"href":"https:\/\/firmalan.com\/dk\/wp-json\/wp\/v2\/media\/114"}],"wp:attachment":[{"href":"https:\/\/firmalan.com\/dk\/wp-json\/wp\/v2\/media?parent=110"}],"curies":[{"name":"wp","href":"https:\/\/api.w.org\/{rel}","templated":true}]}}